{"id":66,"date":"2024-07-18T16:07:27","date_gmt":"2024-07-18T16:07:27","guid":{"rendered":"https:\/\/demo.casethemes.net\/medicross\/?page_id=66"},"modified":"2025-12-15T10:11:41","modified_gmt":"2025-12-15T07:11:41","slug":"ekibimiz","status":"publish","type":"page","link":"https:\/\/www.busranurozger.com\/tr\/ekibimiz\/","title":{"rendered":"Ekibimiz"},"content":{"rendered":"\t\t<div data-elementor-type=\"wp-page\" data-elementor-id=\"66\" class=\"elementor elementor-66\" data-elementor-post-type=\"page\">\n\t\t\t\t        <section class=\"elementor-section elementor-top-section elementor-element elementor-element-e17a290 elementor-section-stretched elementor-section-boxed elementor-section-height-default elementor-section-height-default pxl-row-scroll-none pxl-zoom-point-false pxl-section-overflow-visible\" data-id=\"e17a290\" data-element_type=\"section\" data-e-type=\"section\" data-settings=\"{&quot;stretch_section&quot;:&quot;section-stretched&quot;}\">\n\n                \n                <div class=\"elementor-container elementor-column-gap-extended \">\n                <div class=\"elementor-column elementor-col-100 elementor-top-column elementor-element elementor-element-101950f pxl-column-none\" data-id=\"101950f\" data-element_type=\"column\" data-e-type=\"column\" data-settings=\"{&quot;background_background&quot;:&quot;classic&quot;}\">\r\n        <div class=\"elementor-widget-wrap elementor-element-populated\">\r\n                                <div class=\"elementor-background-overlay\"><\/div>\r\n         \r\n                <section class=\"elementor-section elementor-inner-section elementor-element elementor-element-50a4774 elementor-section-content-bottom elementor-section-boxed elementor-section-height-default elementor-section-height-default pxl-row-scroll-none pxl-zoom-point-false pxl-section-overflow-visible\" data-id=\"50a4774\" data-element_type=\"section\" data-e-type=\"section\">\n\n                \n                <div class=\"elementor-container elementor-column-gap-extended \">\n                <div class=\"elementor-column elementor-col-50 elementor-inner-column elementor-element elementor-element-292b6cd pxl-column-none pxl-column-overflow-hidden-no\" data-id=\"292b6cd\" data-element_type=\"column\" data-e-type=\"column\">\r\n        <div class=\"elementor-widget-wrap elementor-element-populated\">\r\n                     \r\n        \t\t<div class=\"elementor-element elementor-element-268040b elementor-widget__width-auto elementor-widget elementor-widget-pxl_heading\" data-id=\"268040b\" data-element_type=\"widget\" data-e-type=\"widget\" data-widget_type=\"pxl_heading.default\">\n\t\t\t\t<div class=\"elementor-widget-container\">\n\t\t\t\t\t\n<div id=\"pxl-pxl_heading-268040b-1641\" class=\"pxl-heading px-sub-title-default-style \">\n\t<div class=\"pxl-heading--inner\">\n\t\t\n\t\t<h3 class=\"pxl-item--title style-default  highlight-default \" data-wow-delay=\"ms\">\n\t\t\t\t\tEkibimiz\t\n\t\t\t\n\t\t<\/h3>\n\t\t\n\t<\/div>\n<\/div>\t\t\t\t<\/div>\n\t\t\t\t<\/div>\n\t\t            <\/div>\r\n        <\/div>\r\n                <div class=\"elementor-column elementor-col-50 elementor-inner-column elementor-element elementor-element-9e51832 pxl-column-none pxl-column-overflow-hidden-no\" data-id=\"9e51832\" data-element_type=\"column\" data-e-type=\"column\">\r\n        <div class=\"elementor-widget-wrap elementor-element-populated\">\r\n                     \r\n        \t\t<div class=\"elementor-element elementor-element-8d7f946 elementor-widget__width-auto elementor-widget elementor-widget-pxl_breadcrumb\" data-id=\"8d7f946\" data-element_type=\"widget\" data-e-type=\"widget\" data-widget_type=\"pxl_breadcrumb.default\">\n\t\t\t\t<div class=\"elementor-widget-container\">\n\t\t\t\t\t<div class=\"pxl-breadcrumb-wrap\">\n\t<ul class=\"pxl-breadcrumb\"><li><span class=\"breadcrumb-entry\">Anasayfa<\/span><\/li><\/ul><\/div>\t\t\t\t<\/div>\n\t\t\t\t<\/div>\n\t\t            <\/div>\r\n        <\/div>\r\n        \t\t\t<\/div>\n\t\t<\/section>\n\t\t            <\/div>\r\n        <\/div>\r\n        \t\t\t<\/div>\n\t\t<\/section>\n\t\t        <section class=\"elementor-section elementor-top-section elementor-element elementor-element-0f266d4 elementor-section-stretched elementor-section-boxed elementor-section-height-default elementor-section-height-default pxl-row-scroll-none pxl-zoom-point-false pxl-section-overflow-visible\" data-id=\"0f266d4\" data-element_type=\"section\" data-e-type=\"section\" data-settings=\"{&quot;stretch_section&quot;:&quot;section-stretched&quot;}\">\n\n                \n                <div class=\"elementor-container elementor-column-gap-extended \">\n                <div class=\"elementor-column elementor-col-100 elementor-top-column elementor-element elementor-element-6c65f08 pxl-column-none\" data-id=\"6c65f08\" data-element_type=\"column\" data-e-type=\"column\">\r\n        <div class=\"elementor-widget-wrap elementor-element-populated\">\r\n                                <div class=\"elementor-background-overlay\"><\/div>\r\n         \r\n                <section class=\"elementor-section elementor-inner-section elementor-element elementor-element-ac03a99 elementor-section-content-middle elementor-section-boxed elementor-section-height-default elementor-section-height-default pxl-row-scroll-none pxl-zoom-point-false pxl-section-overflow-visible\" data-id=\"ac03a99\" data-element_type=\"section\" data-e-type=\"section\">\n\n                \n                <div class=\"elementor-container elementor-column-gap-extended \">\n                <div class=\"elementor-column elementor-col-50 elementor-inner-column elementor-element elementor-element-339ef3e pxl-column-none pxl-column-overflow-hidden-no\" data-id=\"339ef3e\" data-element_type=\"column\" data-e-type=\"column\">\r\n        <div class=\"elementor-widget-wrap elementor-element-populated\">\r\n                     \r\n        \t\t<div class=\"elementor-element elementor-element-9e68aa0 elementor-widget elementor-widget-pxl_text_editor\" data-id=\"9e68aa0\" data-element_type=\"widget\" data-e-type=\"widget\" data-widget_type=\"pxl_text_editor.default\">\n\t\t\t\t<div class=\"elementor-widget-container\">\n\t\t\t\t\t<div class=\"pxl-text-editor default\">\n\t<div class=\"pxl-item--inner  ft-gt\" data-wow-delay=\"ms\">\n\t\t<p>Alan\u0131nda uzman, hasta odakl\u0131 ve s\u00fcrekli geli\u015fime inanan bir ekibiz. B\u00fc\u015fra Nur \u00d6zger liderli\u011finde; dan\u0131\u015fan s\u00fcre\u00e7lerini titizlikle y\u00f6neten, bilimsel yakla\u015f\u0131m\u0131 modern uygulamalarla birle\u015ftiren profesyonellerden olu\u015fuyoruz.<\/p>\t\t\n\t<\/div>\n<\/div>\t\t\t\t<\/div>\n\t\t\t\t<\/div>\n\t\t            <\/div>\r\n        <\/div>\r\n                <div class=\"elementor-column elementor-col-50 elementor-inner-column elementor-element elementor-element-2fbde10 pxl-column-none pxl-column-overflow-hidden-no\" data-id=\"2fbde10\" data-element_type=\"column\" data-e-type=\"column\">\r\n        <div class=\"elementor-widget-wrap elementor-element-populated\">\r\n                     \r\n        \t\t<div class=\"elementor-element elementor-element-71dec6e elementor-widget__width-auto ft-gt elementor-widget elementor-widget-pxl_icon_box\" data-id=\"71dec6e\" data-element_type=\"widget\" data-e-type=\"widget\" data-widget_type=\"pxl_icon_box.default\">\n\t\t\t\t<div class=\"elementor-widget-container\">\n\t\t\t\t\t<div class=\"pxl-icon-box pxl-icon-box1 style-2 ani3 \" data-wow-delay=\"ms\">\r\n    <div class=\"pxl-item--inner\">\r\n        \r\n                            <div class=\"pxl-item--icon\">\r\n                                    <i aria-hidden=\"true\" class=\"bootstrap-icons bi-telephone\"><\/i>                                <\/div>\r\n                        <div class=\"pxl-item--meta\">\r\n            <h5 class=\"pxl-item--title el-empty\">\r\n                        Yard\u0131ma ihtiyac\u0131n\u0131z oldu\u011funda bizi aray\u0131n!                        <\/h5>\r\n            <div class=\"pxl-item--description el-empty\">7\/24 Destek Hatt\u0131 :  +90 531 947 53 17<\/div>\r\n        <\/div>\r\n    <\/div>\r\n<\/div>\t\t\t\t<\/div>\n\t\t\t\t<\/div>\n\t\t            <\/div>\r\n        <\/div>\r\n        \t\t\t<\/div>\n\t\t<\/section>\n\t\t            <\/div>\r\n        <\/div>\r\n        \t\t\t<\/div>\n\t\t<\/section>\n\t\t        <section class=\"elementor-section elementor-top-section elementor-element elementor-element-97d4cc0 elementor-section-stretched elementor-section-boxed elementor-section-height-default elementor-section-height-default pxl-row-scroll-none pxl-zoom-point-false pxl-section-overflow-visible\" data-id=\"97d4cc0\" data-element_type=\"section\" data-e-type=\"section\" data-settings=\"{&quot;stretch_section&quot;:&quot;section-stretched&quot;}\">\n\n                \n                <div class=\"elementor-container elementor-column-gap-extended \">\n                <div class=\"elementor-column elementor-col-100 elementor-top-column elementor-element elementor-element-a09d98e pxl-column-none pxl-column-overflow-hidden-no\" data-id=\"a09d98e\" data-element_type=\"column\" data-e-type=\"column\">\r\n        <div class=\"elementor-widget-wrap elementor-element-populated\">\r\n                     \r\n        \t\t<div class=\"elementor-element elementor-element-7b94e29 elementor-widget__width-auto elementor-widget elementor-widget-pxl_image\" data-id=\"7b94e29\" data-element_type=\"widget\" data-e-type=\"widget\" data-widget_type=\"pxl_image.default\">\n\t\t\t\t<div class=\"elementor-widget-container\">\n\t\t\t\t\t<div id=\"pxl_image-7b94e29-1989\" class=\"pxl-image-single  pxl-disable-parallax-sm pxl-hide-sr-lg  \" data-wow-delay=\"ms\"  >\r\n    <div class=\"pxl-item--inner\" data-wow-delay=\"120ms\">\r\n        \r\n                    <div class=\"pxl-item--image \" data-parallax-value=\"\">\r\n                                <img decoding=\"async\" width=\"26\" height=\"25\" src=\"https:\/\/www.busranurozger.com\/wp-content\/uploads\/2025\/11\/mini_bno_icon1.png\" class=\"no-lazyload attachment-full\" alt=\"\" title=\"\">                            <\/div>\r\n                \r\n    <\/div>\r\n<\/div>\t\t\t\t<\/div>\n\t\t\t\t<\/div>\n\t\t\t\t<div class=\"elementor-element elementor-element-540b6d1 elementor-widget elementor-widget-pxl_text_editor\" data-id=\"540b6d1\" data-element_type=\"widget\" data-e-type=\"widget\" data-widget_type=\"pxl_text_editor.default\">\n\t\t\t\t<div class=\"elementor-widget-container\">\n\t\t\t\t\t<div class=\"pxl-text-editor default\">\n\t<div class=\"pxl-item--inner  ft-gt\" data-wow-delay=\"ms\">\n\t\t<p>Ekibimize G\u00f6z At\u0131n<\/p>\t\t\n\t<\/div>\n<\/div>\t\t\t\t<\/div>\n\t\t\t\t<\/div>\n\t\t\t\t<div class=\"elementor-element elementor-element-fe8cf5a ft-gt elementor-widget elementor-widget-pxl_heading\" data-id=\"fe8cf5a\" data-element_type=\"widget\" data-e-type=\"widget\" data-widget_type=\"pxl_heading.default\">\n\t\t\t\t<div class=\"elementor-widget-container\">\n\t\t\t\t\t\n<div id=\"pxl-pxl_heading-fe8cf5a-8495\" class=\"pxl-heading px-sub-title-default-style \">\n\t<div class=\"pxl-heading--inner\">\n\t\t\n\t\t<h3 class=\"pxl-item--title style-default  highlight-default pxl-split-text split-in-fade\" data-wow-delay=\"ms\">\n\t\t\t\t\tBu\u015fra Nur Ozger &#8211; Ekibi\t\n\t\t\t\n\t\t<\/h3>\n\t\t\n\t<\/div>\n<\/div>\t\t\t\t<\/div>\n\t\t\t\t<\/div>\n\t\t\t\t<div class=\"elementor-element elementor-element-9d1f746 elementor-widget elementor-widget-pxl_text_editor\" data-id=\"9d1f746\" data-element_type=\"widget\" data-e-type=\"widget\" data-widget_type=\"pxl_text_editor.default\">\n\t\t\t\t<div class=\"elementor-widget-container\">\n\t\t\t\t\t<div class=\"pxl-text-editor default\">\n\t<div class=\"pxl-item--inner  \" data-wow-delay=\"ms\">\n\t\t<p>Alan\u0131nda uzman, hasta odakl\u0131 ve s\u00fcrekli geli\u015fime inanan bir ekibiz. B\u00fc\u015fra Nur \u00d6zger liderli\u011finde; dan\u0131\u015fan s\u00fcre\u00e7lerini titizlikle y\u00f6neten, bilimsel yakla\u015f\u0131m\u0131 modern uygulamalarla birle\u015ftiren profesyonellerden olu\u015fuyoruz. Amac\u0131m\u0131z, her dan\u0131\u015fana ki\u015fiye \u00f6zel, g\u00fcvenilir ve s\u00fcrd\u00fcr\u00fclebilir bir deneyim sunmakt\u0131r.<\/p>\t\t\n\t<\/div>\n<\/div>\t\t\t\t<\/div>\n\t\t\t\t<\/div>\n\t\t\t\t<div class=\"elementor-element elementor-element-f728afa pxl-post-layout-industries-1 elementor-widget elementor-widget-pxl_post_grid\" data-id=\"f728afa\" data-element_type=\"widget\" data-e-type=\"widget\" data-widget_type=\"pxl_post_grid.default\">\n\t\t\t\t<div class=\"elementor-widget-container\">\n\t\t\t\t\t\n<div id=\"pxl_post_grid-f728afa-3224\" class=\"pxl-grid pxl-industries-grid pxl-industries-grid-layout1 pxl-industries-style1\" data-start-page=\"1\" data-max-pages=\"1\" data-total=\"4\" data-perpage=\"12\" data-next-link=\"\" data-layout=\"masonry\">\n    \n    <div class=\"pxl-grid-inner pxl-grid-masonry row\" data-gutter=\"15\">\n        <div class=\"grid-sizer col-xl-3 col-lg-3 col-md-3 col-sm-3 col-6\"><\/div>\n                    <div class=\"pxl-grid-item col-xl-3 col-lg-3 col-md-3 col-sm-3 col-6 doktorlar\">\n                <div class=\"pxl-post--inner \" data-wow-duration=\"1.2s\">\n                    <div class=\"pxl-post--featured hover-imge-effect3\">\n                        <a href=\"https:\/\/www.busranurozger.com\/tr\/industries\/dr-levent-bakisgan\/\">   \n                            <img fetchpriority=\"high\" decoding=\"async\" width=\"411\" height=\"519\" src=\"https:\/\/www.busranurozger.com\/wp-content\/uploads\/2025\/12\/levent-bakisgan.png\" class=\"no-lazyload attachment-full\" alt=\"Dedicated healthcare professional, expert in medical wellness and personalized health solutions.\" title=\"\">                        <\/a>\n                    <\/div>\n                    <h3 class=\"pxl-post--title\">\n                        <a href=\"https:\/\/www.busranurozger.com\/tr\/industries\/dr-levent-bakisgan\/\">Dr. Levent Bak\u0131\u015fgan<\/a>\n                    <\/h3>\n                    <p class=\"position\">\n                        Doktor                    <\/p>\n                <\/div>\n            <\/div>\n                    <div class=\"pxl-grid-item col-xl-3 col-lg-3 col-md-3 col-sm-3 col-6 doktorlar\">\n                <div class=\"pxl-post--inner \" data-wow-duration=\"1.2s\">\n                    <div class=\"pxl-post--featured hover-imge-effect3\">\n                        <a href=\"https:\/\/www.busranurozger.com\/tr\/industries\/op-dr-ahmet-torkut\/\">   \n                            <img decoding=\"async\" width=\"578\" height=\"702\" src=\"https:\/\/www.busranurozger.com\/wp-content\/uploads\/2025\/11\/atorkut_s.png\" class=\"no-lazyload attachment-full\" alt=\"Professional healthcare by Bu\u015fra Nur \u00d6zger BN\u00d6 Health for wellness and medical support.\" title=\"\">                        <\/a>\n                    <\/div>\n                    <h3 class=\"pxl-post--title\">\n                        <a href=\"https:\/\/www.busranurozger.com\/tr\/industries\/op-dr-ahmet-torkut\/\">Op. Dr. Ahmet Torkut<\/a>\n                    <\/h3>\n                    <p class=\"position\">\n                        Doktor                    <\/p>\n                <\/div>\n            <\/div>\n                    <div class=\"pxl-grid-item col-xl-3 col-lg-3 col-md-3 col-sm-3 col-6 doktorlar\">\n                <div class=\"pxl-post--inner \" data-wow-duration=\"1.2s\">\n                    <div class=\"pxl-post--featured hover-imge-effect3\">\n                        <a href=\"https:\/\/www.busranurozger.com\/tr\/industries\/dr-burak-buyukturk\/\">   \n                            <img loading=\"lazy\" decoding=\"async\" width=\"640\" height=\"800\" src=\"https:\/\/www.busranurozger.com\/wp-content\/uploads\/2025\/11\/347787278_1394187054756663_6650906716813308255_nfull.jpg\" class=\"no-lazyload attachment-full\" alt=\"Hope coffee mug held by smiling man in casual setting, emphasizing wellness and positivity.\" title=\"\">                        <\/a>\n                    <\/div>\n                    <h3 class=\"pxl-post--title\">\n                        <a href=\"https:\/\/www.busranurozger.com\/tr\/industries\/dr-burak-buyukturk\/\">Dr. Burak B\u00fcy\u00fckt\u00fcrk<\/a>\n                    <\/h3>\n                    <p class=\"position\">\n                        Doktor                    <\/p>\n                <\/div>\n            <\/div>\n                    <div class=\"pxl-grid-item col-xl-3 col-lg-3 col-md-3 col-sm-3 col-6 ceo\">\n                <div class=\"pxl-post--inner \" data-wow-duration=\"1.2s\">\n                    <div class=\"pxl-post--featured hover-imge-effect3\">\n                        <a href=\"https:\/\/www.busranurozger.com\/tr\/industries\/busra-nur-ozger\/\">   \n                            <img loading=\"lazy\" decoding=\"async\" width=\"410\" height=\"535\" src=\"https:\/\/www.busranurozger.com\/wp-content\/uploads\/2024\/09\/bno.png\" class=\"no-lazyload attachment-full\" alt=\"Professional woman in a modern wellness clinic setting promoting health and beauty services.\" title=\"\">                        <\/a>\n                    <\/div>\n                    <h3 class=\"pxl-post--title\">\n                        <a href=\"https:\/\/www.busranurozger.com\/tr\/industries\/busra-nur-ozger\/\">Bu\u015fra Nur \u00d6zger<\/a>\n                    <\/h3>\n                    <p class=\"position\">\n                        Kurucu                    <\/p>\n                <\/div>\n            <\/div>\n            <\/div>\n        <\/div>\t\t\t\t<\/div>\n\t\t\t\t<\/div>\n\t\t            <\/div>\r\n        <\/div>\r\n        \t\t\t<\/div>\n\t\t<\/section>\n\t\t        <section class=\"elementor-section elementor-top-section elementor-element elementor-element-87319b0 elementor-section-stretched elementor-section-boxed elementor-section-height-default elementor-section-height-default pxl-row-scroll-none pxl-zoom-point-false pxl-section-overflow-visible\" data-id=\"87319b0\" data-element_type=\"section\" data-e-type=\"section\" data-settings=\"{&quot;stretch_section&quot;:&quot;section-stretched&quot;}\">\n\n                \n                <div class=\"elementor-container elementor-column-gap-extended \">\n                <div class=\"elementor-column elementor-col-100 elementor-top-column elementor-element elementor-element-ad3032f pxl-column-none pxl-column-overflow-hidden-no\" data-id=\"ad3032f\" data-element_type=\"column\" data-e-type=\"column\">\r\n        <div class=\"elementor-widget-wrap elementor-element-populated\">\r\n                     \r\n                <section class=\"elementor-section elementor-inner-section elementor-element elementor-element-1fb9906 elementor-section-content-middle elementor-section-boxed elementor-section-height-default elementor-section-height-default pxl-row-scroll-none pxl-zoom-point-false pxl-section-overflow-visible elementor-invisible\" data-id=\"1fb9906\" data-element_type=\"section\" data-e-type=\"section\" data-settings=\"{&quot;background_background&quot;:&quot;classic&quot;,&quot;animation&quot;:&quot;fadeInUp&quot;}\">\n\n                \n                <div class=\"elementor-container elementor-column-gap-extended \">\n                <div class=\"elementor-column elementor-col-33 elementor-inner-column elementor-element elementor-element-86f53c6 pxl-column-none pxl-column-overflow-hidden-no\" data-id=\"86f53c6\" data-element_type=\"column\" data-e-type=\"column\">\r\n        <div class=\"elementor-widget-wrap elementor-element-populated\">\r\n                     \r\n        \t\t<div class=\"elementor-element elementor-element-b5df1aa elementor-widget__width-auto elementor-widget elementor-widget-pxl_icon\" data-id=\"b5df1aa\" data-element_type=\"widget\" data-e-type=\"widget\" data-widget_type=\"pxl_icon.default\">\n\t\t\t\t<div class=\"elementor-widget-container\">\n\t\t\t\t\t    <div class=\"pxl-icon-list pxl-icon1  style-2  \" data-wow-delay=\"ms\">\r\n                                    <a class=\"elementor-repeater-item-1657967 \" >\r\n                                        <i aria-hidden=\"true\" class=\"fas fa-user-friends\"><\/i>                                                        <\/a>\r\n                        <\/div>\r\n    \t\t\t\t<\/div>\n\t\t\t\t<\/div>\n\t\t            <\/div>\r\n        <\/div>\r\n                <div class=\"elementor-column elementor-col-33 elementor-inner-column elementor-element elementor-element-98c4a81 pxl-column-none pxl-column-overflow-hidden-no\" data-id=\"98c4a81\" data-element_type=\"column\" data-e-type=\"column\">\r\n        <div class=\"elementor-widget-wrap elementor-element-populated\">\r\n                     \r\n        \t\t<div class=\"elementor-element elementor-element-6c16c1c elementor-widget elementor-widget-pxl_heading\" data-id=\"6c16c1c\" data-element_type=\"widget\" data-e-type=\"widget\" data-widget_type=\"pxl_heading.default\">\n\t\t\t\t<div class=\"elementor-widget-container\">\n\t\t\t\t\t\n<div id=\"pxl-pxl_heading-6c16c1c-5190\" class=\"pxl-heading px-sub-title-default-style \">\n\t<div class=\"pxl-heading--inner\">\n\t\t\n\t\t<h3 class=\"pxl-item--title style-default  highlight-default \" data-wow-delay=\"ms\">\n\t\t\t\t\tBu\u015fra Nur \u00d6zger Ekibine Kat\u0131l\u0131n\t\n\t\t\t\n\t\t<\/h3>\n\t\t\n\t<\/div>\n<\/div>\t\t\t\t<\/div>\n\t\t\t\t<\/div>\n\t\t\t\t<div class=\"elementor-element elementor-element-161565e elementor-widget elementor-widget-pxl_text_editor\" data-id=\"161565e\" data-element_type=\"widget\" data-e-type=\"widget\" data-widget_type=\"pxl_text_editor.default\">\n\t\t\t\t<div class=\"elementor-widget-container\">\n\t\t\t\t\t<div class=\"pxl-text-editor default\">\n\t<div class=\"pxl-item--inner  \" data-wow-delay=\"ms\">\n\t\t<p>Alan\u0131nda uzman, hasta odakl\u0131 ve s\u00fcrekli geli\u015fime inanan bir ekibiz. B\u00fc\u015fra Nur \u00d6zger liderli\u011finde; dan\u0131\u015fan s\u00fcre\u00e7lerini titizlikle y\u00f6neten, bilimsel yakla\u015f\u0131m\u0131 modern uygulamalarla birle\u015ftiren profesyonellerden olu\u015fuyoruz. Amac\u0131m\u0131z, her dan\u0131\u015fana ki\u015fiye \u00f6zel, g\u00fcvenilir ve s\u00fcrd\u00fcr\u00fclebilir bir deneyim sunmakt\u0131r.<\/p>\t\t\n\t<\/div>\n<\/div>\t\t\t\t<\/div>\n\t\t\t\t<\/div>\n\t\t\t\t<div class=\"elementor-element elementor-element-9b050fa elementor-widget__width-auto ft-gt elementor-widget elementor-widget-pxl_list\" data-id=\"9b050fa\" data-element_type=\"widget\" data-e-type=\"widget\" data-widget_type=\"pxl_list.default\">\n\t\t\t\t<div class=\"elementor-widget-container\">\n\t\t\t\t\t    <div class=\"pxl-list pxl-list1  default\" data-wow-delay=\"ms\">\r\n                    <div class=\"pxl--item\">\r\n                                    <div class=\"pxl-item--icon\">\r\n                                            <\/div>\r\n                                                    <div class=\"pxl-item-content\">\r\n                        <label class=\"pxl-empty\"><\/label>\r\n                        Rekabet\u00e7i maa\u015f avantaj\u0131                    <\/div>\r\n                            <\/div>\r\n            <\/div>\r\n\t\t\t\t<\/div>\n\t\t\t\t<\/div>\n\t\t\t\t<div class=\"elementor-element elementor-element-bbb9b41 elementor-widget__width-auto ft-gt elementor-widget elementor-widget-pxl_list\" data-id=\"bbb9b41\" data-element_type=\"widget\" data-e-type=\"widget\" data-widget_type=\"pxl_list.default\">\n\t\t\t\t<div class=\"elementor-widget-container\">\n\t\t\t\t\t    <div class=\"pxl-list pxl-list1  default\" data-wow-delay=\"ms\">\r\n                    <div class=\"pxl--item\">\r\n                                    <div class=\"pxl-item--icon\">\r\n                                            <\/div>\r\n                                                    <div class=\"pxl-item-content\">\r\n                        <label class=\"pxl-empty\"><\/label>\r\n                        Kurumsal bir yap\u0131 i\u00e7erisinde \u00e7al\u0131\u015fma f\u0131rsat\u0131                    <\/div>\r\n                            <\/div>\r\n            <\/div>\r\n\t\t\t\t<\/div>\n\t\t\t\t<\/div>\n\t\t            <\/div>\r\n        <\/div>\r\n                <div class=\"elementor-column elementor-col-33 elementor-inner-column elementor-element elementor-element-c314aeb pxl-column-none pxl-column-overflow-hidden-no\" data-id=\"c314aeb\" data-element_type=\"column\" data-e-type=\"column\">\r\n        <div class=\"elementor-widget-wrap elementor-element-populated\">\r\n                     \r\n        \t\t<div class=\"elementor-element elementor-element-267c9de elementor-widget__width-auto ft-gt elementor-widget elementor-widget-pxl_icon\" data-id=\"267c9de\" data-element_type=\"widget\" data-e-type=\"widget\" data-widget_type=\"pxl_icon.default\">\n\t\t\t\t<div class=\"elementor-widget-container\">\n\t\t\t\t\t    <div class=\"pxl-icon-list pxl-icon1  style-4  \" data-wow-delay=\"ms\">\r\n                                    <a class=\"elementor-repeater-item-0c857f8 \" href=\"https:\/\/www.busranurozger.com\/tr\/iletisim\/\">\r\n                                            <span>\r\n                                                                                    <span>\u015eimdi <br>Ba\u015fvurun<\/span>\r\n                                                                <\/span>\r\n                                    <\/a>\r\n                        <\/div>\r\n    \t\t\t\t<\/div>\n\t\t\t\t<\/div>\n\t\t            <\/div>\r\n        <\/div>\r\n        \t\t\t<\/div>\n\t\t<\/section>\n\t\t            <\/div>\r\n        <\/div>\r\n        \t\t\t<\/div>\n\t\t<\/section>\n\t\t\t\t<\/div>\n\t\t","protected":false},"excerpt":{"rendered":"<p>Ekibimiz Anasayfa Alan\u0131nda uzman, hasta odakl\u0131 ve s\u00fcrekli geli\u015fime inanan bir ekibiz. B\u00fc\u015fra Nur \u00d6zger liderli\u011finde; dan\u0131\u015fan s\u00fcre\u00e7lerini titizlikle y\u00f6neten, bilimsel yakla\u015f\u0131m\u0131 modern uygulamalarla birle\u015ftiren profesyonellerden olu\u015fuyoruz. Yard\u0131ma ihtiyac\u0131n\u0131z oldu\u011funda bizi aray\u0131n! 7\/24 Destek Hatt\u0131 : +90 531 947 53 17 Ekibimize G\u00f6z At\u0131n Bu\u015fra Nur Ozger \u2013 Ekibi Alan\u0131nda uzman, hasta odakl\u0131 ve s\u00fcrekli [&hellip;]<\/p>\n","protected":false},"author":1,"featured_media":0,"parent":0,"menu_order":0,"comment_status":"closed","ping_status":"closed","template":"","meta":{"footnotes":""},"class_list":["post-66","page","type-page","status-publish","hentry"],"_links":{"self":[{"href":"https:\/\/www.busranurozger.com\/tr\/wp-json\/wp\/v2\/pages\/66","targetHints":{"allow":["GET"]}}],"collection":[{"href":"https:\/\/www.busranurozger.com\/tr\/wp-json\/wp\/v2\/pages"}],"about":[{"href":"https:\/\/www.busranurozger.com\/tr\/wp-json\/wp\/v2\/types\/page"}],"author":[{"embeddable":true,"href":"https:\/\/www.busranurozger.com\/tr\/wp-json\/wp\/v2\/users\/1"}],"replies":[{"embeddable":true,"href":"https:\/\/www.busranurozger.com\/tr\/wp-json\/wp\/v2\/comments?post=66"}],"version-history":[{"count":0,"href":"https:\/\/www.busranurozger.com\/tr\/wp-json\/wp\/v2\/pages\/66\/revisions"}],"wp:attachment":[{"href":"https:\/\/www.busranurozger.com\/tr\/wp-json\/wp\/v2\/media?parent=66"}],"curies":[{"name":"wp","href":"https:\/\/api.w.org\/{rel}","templated":true}]}}